{"id":798,"date":"2026-03-04T18:21:17","date_gmt":"2026-03-04T18:21:17","guid":{"rendered":"https:\/\/redwoodesl.org\/?page_id=798"},"modified":"2026-03-20T19:31:32","modified_gmt":"2026-03-20T19:31:32","slug":"student-application","status":"publish","type":"page","link":"https:\/\/redwoodesl.org\/vi\/student-application\/","title":{"rendered":"\u0110\u0103ng k\u00fd \u0111\u1ec3 tr\u1edf th\u00e0nh sinh vi\u00ean"},"content":{"rendered":"<div data-elementor-type=\"wp-page\" data-elementor-id=\"798\" class=\"elementor elementor-798\" data-elementor-post-type=\"page\">\n\t\t\t\t\t\t<section class=\"elementor-section elementor-top-section elementor-element elementor-element-6b939912 elementor-section-boxed elementor-section-height-default elementor-section-height-default\" data-id=\"6b939912\" data-element_type=\"section\" data-e-type=\"section\">\n\t\t\t\t\t\t<div class=\"elementor-container elementor-column-gap-default\">\n\t\t\t\t\t<div class=\"elementor-column elementor-col-100 elementor-top-column elementor-element elementor-element-59ecc0dd\" data-id=\"59ecc0dd\" data-element_type=\"column\" data-e-type=\"column\">\n\t\t\t<div class=\"elementor-widget-wrap elementor-element-populated\">\n\t\t\t\t\t\t<div class=\"elementor-element elementor-element-6a4f43d elementor-widget elementor-widget-heading\" data-id=\"6a4f43d\" data-element_type=\"widget\" data-e-type=\"widget\" data-widget_type=\"heading.default\">\n\t\t\t\t\t<h3 class=\"elementor-heading-title elementor-size-default\">B\u1ea1n c\u00f3 th\u1ec3 c\u1ea3i thi\u1ec7n tr\u00ecnh \u0111\u1ed9 ti\u1ebfng Anh c\u1ee7a m\u00ecnh, v\u00e0 ch\u00fang t\u00f4i lu\u00f4n s\u1eb5n s\u00e0ng h\u1ed7 tr\u1ee3 b\u1ea1n.<\/h3>\t\t\t\t<\/div>\n\t\t\t\t<div class=\"elementor-element elementor-element-b8a4db4 elementor-widget elementor-widget-text-editor\" data-id=\"b8a4db4\" data-element_type=\"widget\" data-e-type=\"widget\" data-widget_type=\"text-editor.default\">\n\t\t\t\t\t\t\t\t\t<p style=\"text-align: left;\">\u0110i\u1ec1n v\u00e0o bi\u1ec3u m\u1eabu b\u00ean d\u01b0\u1edbi \u0111\u1ec3 \u0111\u0103ng k\u00fd v\u00e0 b\u1eaft \u0111\u1ea7u h\u00e0nh tr\u00ecnh h\u1ecdc t\u1eadp c\u1ee7a b\u1ea1n. M\u1ed9t th\u00e0nh vi\u00ean c\u1ee7a \u0111\u1ed9i ng\u0169 Redwood s\u1ebd m\u1eddi b\u1ea1n tham gia m\u1ed9t cu\u1ed9c h\u1ecdp tr\u1ef1c tuy\u1ebfn. Nh\u1eafc l\u1ea1i, d\u1ecbch v\u1ee5 n\u00e0y l\u00e0 <b>Mi\u1ec5n ph\u00ed cho b\u1ea1n.<\/b><\/p>\t\t\t\t\t\t\t\t<\/div>\n\t\t\t\t<div class=\"elementor-element elementor-element-74e72d2 elementor-widget__width-inherit elementor-widget-tablet__width-initial elementor-widget-mobile__width-initial elementor-widget elementor-widget-html\" data-id=\"74e72d2\" data-element_type=\"widget\" data-e-type=\"widget\" data-widget_type=\"html.default\">\n\t\t\t\t\t<center><iframe src=\"https:\/\/docs.google.com\/forms\/d\/e\/1FAIpQLSecHp5Bs4MbpQ0Sxl_-L2Z8BjxYb7hu-YUlQ2PtdXa6HsNEaQ\/viewform?embedded=true\" width=\"940\" height=\"3493\" frameborder=\"0\" marginheight=\"0\" marginwidth=\"0\">\u0110ang t\u1ea3i\u2026<\/iframe><\/center>\t\t\t\t<\/div>\n\t\t\t\t<div class=\"elementor-element elementor-element-c3a9751 elementor-widget elementor-widget-text-editor\" data-id=\"c3a9751\" data-element_type=\"widget\" data-e-type=\"widget\" data-widget_type=\"text-editor.default\">\n\t\t\t\t\t\t\t\t\t<p>N\u1ebfu bi\u1ec3u m\u1eabu kh\u00f4ng t\u1ea3i \u0111\u00fang c\u00e1ch trong v\u00f2ng v\u00e0i gi\u00e2y, h\u00e3y nh\u1ea5p v\u00e0o li\u00ean k\u1ebft b\u00ean d\u01b0\u1edbi:&nbsp;<\/p>\t\t\t\t\t\t\t\t<\/div>\n\t\t\t\t<div class=\"elementor-element elementor-element-1f459c7 elementor-align-justify elementor-widget elementor-widget-button\" data-id=\"1f459c7\" data-element_type=\"widget\" data-e-type=\"widget\" data-widget_type=\"button.default\">\n\t\t\t\t\t\t\t\t\t\t<a class=\"elementor-button elementor-button-link elementor-size-sm\" href=\"https:\/\/forms.gle\/uWiZLuJfVvwGaszL8\">\n\t\t\t\t\t\t<span class=\"elementor-button-content-wrapper\">\n\t\t\t\t\t\t\t\t\t<span class=\"elementor-button-text\">M\u1edf bi\u1ec3u m\u1eabu trong m\u1ed9t c\u1eeda s\u1ed5 m\u1edbi<\/span>\n\t\t\t\t\t<\/span>\n\t\t\t\t\t<\/a>\n\t\t\t\t\t\t\t\t<\/div>\n\t\t\t\t\t<\/div>\n\t\t<\/div>\n\t\t\t\t\t<\/div>\n\t\t<\/section>\n\t\t\t\t<\/div>","protected":false},"excerpt":{"rendered":"<p>You can improve your English, and we&#8217;re here to help. Fill out the form below to apply and get started on your learning journey. A member of the Redwood team will invite you to an online meeting. As a reminder, this service is free to you. Loading\u2026 If the form doesn\u2019t load correctly within a [&hellip;]<\/p>\n","protected":false},"author":1,"featured_media":275,"parent":0,"menu_order":0,"comment_status":"closed","ping_status":"closed","template":"","meta":{"footnotes":""},"class_list":["post-798","page","type-page","status-publish","has-post-thumbnail","hentry"],"yoast_head":"<!-- This site is optimized with the Yoast SEO plugin v27.5 - https:\/\/yoast.com\/product\/yoast-seo-wordpress\/ -->\n<title>Apply To Become a Student - Redwood ESL<\/title>\n<meta name=\"description\" content=\"Fill out the form below to apply to become a student and start learning with a RedwoodESL tutor. This service is free of charge.\" \/>\n<meta name=\"robots\" content=\"index, follow, max-snippet:-1, max-image-preview:large, max-video-preview:-1\" \/>\n<link rel=\"canonical\" href=\"https:\/\/redwoodesl.org\/vi\/student-application\/\" \/>\n<meta property=\"og:locale\" content=\"vi_VN\" \/>\n<meta property=\"og:type\" content=\"article\" \/>\n<meta property=\"og:title\" content=\"Apply To Become a Student - Redwood ESL\" \/>\n<meta property=\"og:description\" content=\"Fill out the form below to apply to become a student and start learning with a RedwoodESL tutor. This service is free of charge.\" \/>\n<meta property=\"og:url\" content=\"https:\/\/redwoodesl.org\/vi\/student-application\/\" \/>\n<meta property=\"og:site_name\" content=\"Redwood ESL\" \/>\n<meta property=\"article:modified_time\" content=\"2026-03-20T19:31:32+00:00\" \/>\n<meta property=\"og:image\" content=\"https:\/\/redwoodesl.org\/wp-content\/uploads\/2025\/12\/vitaly-gariev-DHrmBvaey5g-unsplash.jpg\" \/>\n\t<meta property=\"og:image:width\" content=\"640\" \/>\n\t<meta property=\"og:image:height\" content=\"360\" \/>\n\t<meta property=\"og:image:type\" content=\"image\/jpeg\" \/>\n<meta name=\"twitter:card\" content=\"summary_large_image\" \/>\n<meta name=\"twitter:label1\" content=\"\u01af\u1edbc t\u00ednh th\u1eddi gian \u0111\u1ecdc\" \/>\n\t<meta name=\"twitter:data1\" content=\"1 ph\u00fat\" \/>\n<script type=\"application\/ld+json\" class=\"yoast-schema-graph\">{\"@context\":\"https:\\\/\\\/schema.org\",\"@graph\":[{\"@type\":\"WebPage\",\"@id\":\"https:\\\/\\\/redwoodesl.org\\\/student-application\\\/\",\"url\":\"https:\\\/\\\/redwoodesl.org\\\/student-application\\\/\",\"name\":\"Apply To Become a Student - Redwood ESL\",\"isPartOf\":{\"@id\":\"https:\\\/\\\/redwoodesl.org\\\/#website\"},\"primaryImageOfPage\":{\"@id\":\"https:\\\/\\\/redwoodesl.org\\\/student-application\\\/#primaryimage\"},\"image\":{\"@id\":\"https:\\\/\\\/redwoodesl.org\\\/student-application\\\/#primaryimage\"},\"thumbnailUrl\":\"https:\\\/\\\/redwoodesl.org\\\/wp-content\\\/uploads\\\/2025\\\/12\\\/vitaly-gariev-DHrmBvaey5g-unsplash.jpg\",\"datePublished\":\"2026-03-04T18:21:17+00:00\",\"dateModified\":\"2026-03-20T19:31:32+00:00\",\"description\":\"Fill out the form below to apply to become a student and start learning with a RedwoodESL tutor. This service is free of charge.\",\"breadcrumb\":{\"@id\":\"https:\\\/\\\/redwoodesl.org\\\/student-application\\\/#breadcrumb\"},\"inLanguage\":\"vi\",\"potentialAction\":[{\"@type\":\"ReadAction\",\"target\":[\"https:\\\/\\\/redwoodesl.org\\\/student-application\\\/\"]}]},{\"@type\":\"ImageObject\",\"inLanguage\":\"vi\",\"@id\":\"https:\\\/\\\/redwoodesl.org\\\/student-application\\\/#primaryimage\",\"url\":\"https:\\\/\\\/redwoodesl.org\\\/wp-content\\\/uploads\\\/2025\\\/12\\\/vitaly-gariev-DHrmBvaey5g-unsplash.jpg\",\"contentUrl\":\"https:\\\/\\\/redwoodesl.org\\\/wp-content\\\/uploads\\\/2025\\\/12\\\/vitaly-gariev-DHrmBvaey5g-unsplash.jpg\",\"width\":640,\"height\":360},{\"@type\":\"BreadcrumbList\",\"@id\":\"https:\\\/\\\/redwoodesl.org\\\/student-application\\\/#breadcrumb\",\"itemListElement\":[{\"@type\":\"ListItem\",\"position\":1,\"name\":\"Home\",\"item\":\"https:\\\/\\\/redwoodesl.org\\\/\"},{\"@type\":\"ListItem\",\"position\":2,\"name\":\"Apply To Become a Student\"}]},{\"@type\":\"WebSite\",\"@id\":\"https:\\\/\\\/redwoodesl.org\\\/#website\",\"url\":\"https:\\\/\\\/redwoodesl.org\\\/\",\"name\":\"Redwood ESL\",\"description\":\"Free ESL Tutoring For Immigrants\",\"publisher\":{\"@id\":\"https:\\\/\\\/redwoodesl.org\\\/#organization\"},\"potentialAction\":[{\"@type\":\"SearchAction\",\"target\":{\"@type\":\"EntryPoint\",\"urlTemplate\":\"https:\\\/\\\/redwoodesl.org\\\/?s={search_term_string}\"},\"query-input\":{\"@type\":\"PropertyValueSpecification\",\"valueRequired\":true,\"valueName\":\"search_term_string\"}}],\"inLanguage\":\"vi\"},{\"@type\":\"Organization\",\"@id\":\"https:\\\/\\\/redwoodesl.org\\\/#organization\",\"name\":\"Redwood ESL\",\"url\":\"https:\\\/\\\/redwoodesl.org\\\/\",\"logo\":{\"@type\":\"ImageObject\",\"inLanguage\":\"vi\",\"@id\":\"https:\\\/\\\/redwoodesl.org\\\/#\\\/schema\\\/logo\\\/image\\\/\",\"url\":\"https:\\\/\\\/redwoodesl.org\\\/wp-content\\\/uploads\\\/2025\\\/11\\\/redwood-ESL-temp-logo.png\",\"contentUrl\":\"https:\\\/\\\/redwoodesl.org\\\/wp-content\\\/uploads\\\/2025\\\/11\\\/redwood-ESL-temp-logo.png\",\"width\":248,\"height\":45,\"caption\":\"Redwood ESL\"},\"image\":{\"@id\":\"https:\\\/\\\/redwoodesl.org\\\/#\\\/schema\\\/logo\\\/image\\\/\"}}]}<\/script>\n<!-- \/ Yoast SEO plugin. -->","yoast_head_json":{"title":"Apply To Become a Student - Redwood ESL","description":"Fill out the form below to apply to become a student and start learning with a RedwoodESL tutor. This service is free of charge.","robots":{"index":"index","follow":"follow","max-snippet":"max-snippet:-1","max-image-preview":"max-image-preview:large","max-video-preview":"max-video-preview:-1"},"canonical":"https:\/\/redwoodesl.org\/vi\/student-application\/","og_locale":"vi_VN","og_type":"article","og_title":"Apply To Become a Student - Redwood ESL","og_description":"Fill out the form below to apply to become a student and start learning with a RedwoodESL tutor. This service is free of charge.","og_url":"https:\/\/redwoodesl.org\/vi\/student-application\/","og_site_name":"Redwood ESL","article_modified_time":"2026-03-20T19:31:32+00:00","og_image":[{"width":640,"height":360,"url":"https:\/\/redwoodesl.org\/wp-content\/uploads\/2025\/12\/vitaly-gariev-DHrmBvaey5g-unsplash.jpg","type":"image\/jpeg"}],"twitter_card":"summary_large_image","twitter_misc":{"\u01af\u1edbc t\u00ednh th\u1eddi gian \u0111\u1ecdc":"1 ph\u00fat"},"schema":{"@context":"https:\/\/schema.org","@graph":[{"@type":"WebPage","@id":"https:\/\/redwoodesl.org\/student-application\/","url":"https:\/\/redwoodesl.org\/student-application\/","name":"Apply To Become a Student - Redwood ESL","isPartOf":{"@id":"https:\/\/redwoodesl.org\/#website"},"primaryImageOfPage":{"@id":"https:\/\/redwoodesl.org\/student-application\/#primaryimage"},"image":{"@id":"https:\/\/redwoodesl.org\/student-application\/#primaryimage"},"thumbnailUrl":"https:\/\/redwoodesl.org\/wp-content\/uploads\/2025\/12\/vitaly-gariev-DHrmBvaey5g-unsplash.jpg","datePublished":"2026-03-04T18:21:17+00:00","dateModified":"2026-03-20T19:31:32+00:00","description":"Fill out the form below to apply to become a student and start learning with a RedwoodESL tutor. This service is free of charge.","breadcrumb":{"@id":"https:\/\/redwoodesl.org\/student-application\/#breadcrumb"},"inLanguage":"vi","potentialAction":[{"@type":"ReadAction","target":["https:\/\/redwoodesl.org\/student-application\/"]}]},{"@type":"ImageObject","inLanguage":"vi","@id":"https:\/\/redwoodesl.org\/student-application\/#primaryimage","url":"https:\/\/redwoodesl.org\/wp-content\/uploads\/2025\/12\/vitaly-gariev-DHrmBvaey5g-unsplash.jpg","contentUrl":"https:\/\/redwoodesl.org\/wp-content\/uploads\/2025\/12\/vitaly-gariev-DHrmBvaey5g-unsplash.jpg","width":640,"height":360},{"@type":"BreadcrumbList","@id":"https:\/\/redwoodesl.org\/student-application\/#breadcrumb","itemListElement":[{"@type":"ListItem","position":1,"name":"Home","item":"https:\/\/redwoodesl.org\/"},{"@type":"ListItem","position":2,"name":"Apply To Become a Student"}]},{"@type":"WebSite","@id":"https:\/\/redwoodesl.org\/#website","url":"https:\/\/redwoodesl.org\/","name":"Redwood Ti\u1ebfng Anh cho Ng\u01b0\u1eddi N\u01b0\u1edbc Ngo\u00e0i","description":"D\u1ecbch v\u1ee5 gia s\u01b0 ti\u1ebfng Anh mi\u1ec5n ph\u00ed cho ng\u01b0\u1eddi nh\u1eadp c\u01b0","publisher":{"@id":"https:\/\/redwoodesl.org\/#organization"},"potentialAction":[{"@type":"SearchAction","target":{"@type":"EntryPoint","urlTemplate":"https:\/\/redwoodesl.org\/?s={search_term_string}"},"query-input":{"@type":"PropertyValueSpecification","valueRequired":true,"valueName":"search_term_string"}}],"inLanguage":"vi"},{"@type":"Organization","@id":"https:\/\/redwoodesl.org\/#organization","name":"Redwood Ti\u1ebfng Anh cho Ng\u01b0\u1eddi N\u01b0\u1edbc Ngo\u00e0i","url":"https:\/\/redwoodesl.org\/","logo":{"@type":"ImageObject","inLanguage":"vi","@id":"https:\/\/redwoodesl.org\/#\/schema\/logo\/image\/","url":"https:\/\/redwoodesl.org\/wp-content\/uploads\/2025\/11\/redwood-ESL-temp-logo.png","contentUrl":"https:\/\/redwoodesl.org\/wp-content\/uploads\/2025\/11\/redwood-ESL-temp-logo.png","width":248,"height":45,"caption":"Redwood ESL"},"image":{"@id":"https:\/\/redwoodesl.org\/#\/schema\/logo\/image\/"}}]}},"_links":{"self":[{"href":"https:\/\/redwoodesl.org\/vi\/wp-json\/wp\/v2\/pages\/798","targetHints":{"allow":["GET"]}}],"collection":[{"href":"https:\/\/redwoodesl.org\/vi\/wp-json\/wp\/v2\/pages"}],"about":[{"href":"https:\/\/redwoodesl.org\/vi\/wp-json\/wp\/v2\/types\/page"}],"author":[{"embeddable":true,"href":"https:\/\/redwoodesl.org\/vi\/wp-json\/wp\/v2\/users\/1"}],"replies":[{"embeddable":true,"href":"https:\/\/redwoodesl.org\/vi\/wp-json\/wp\/v2\/comments?post=798"}],"version-history":[{"count":41,"href":"https:\/\/redwoodesl.org\/vi\/wp-json\/wp\/v2\/pages\/798\/revisions"}],"predecessor-version":[{"id":892,"href":"https:\/\/redwoodesl.org\/vi\/wp-json\/wp\/v2\/pages\/798\/revisions\/892"}],"wp:featuredmedia":[{"embeddable":true,"href":"https:\/\/redwoodesl.org\/vi\/wp-json\/wp\/v2\/media\/275"}],"wp:attachment":[{"href":"https:\/\/redwoodesl.org\/vi\/wp-json\/wp\/v2\/media?parent=798"}],"curies":[{"name":"wp","href":"https:\/\/api.w.org\/{rel}","templated":true}]}}